{"id":160,"date":"2013-04-30T08:47:27","date_gmt":"2013-04-30T06:47:27","guid":{"rendered":"http:\/\/czystagmina.urszulin.eu\/?page_id=160"},"modified":"2013-04-30T08:47:27","modified_gmt":"2013-04-30T06:47:27","slug":"budynki-wielolokalowe","status":"publish","type":"page","link":"https:\/\/czystagmina.urszulin.eu\/?page_id=160","title":{"rendered":"Budynki wielolokalowe"},"content":{"rendered":"<p><strong>Dotyczy m in. sp\u00f3\u0142dzielni i wsp\u00f3lnot mieszkaniowych<\/strong><\/p>\n<p>Je\u017celi nieruchomo\u015b\u0107 jest zabudowana \u00a0budynkami wielolokalowymi, w kt\u00f3rych ustanowiono odr\u0119bna w\u0142asno\u015b\u0107 lokali, obowi\u0105zki w\u0142a\u015bciciela nieruchomo\u015bci obci\u0105\u017caj\u0105 osoby sprawuj\u0105ce zarz\u0105d nieruchomo\u015bci\u0105 wsp\u00f3ln\u0105, w rozumieniu przepis\u00f3w ustawy z dnia 24 czerwca 1994 r. o w\u0142asno\u015bci lokali (Dz. U. z 2000 r. Nr 80, poz. 903 oraz z 2004 r. Nr 141, poz. 1492), lub w\u0142a\u015bcicieli lokali, je\u017celi zarz\u0105d nie zosta\u0142 wybrany.<\/p>\n<p><strong>Obowi\u0105zek wynikaj\u0105cy z art. 2 ust. 3 ustawy z 13 wrze\u015bnia 1996r. o utrzymaniu czysto\u015bci i porz\u0105dku w gminach (Dz. U. z 2012r. poz. 391 z p\u00f3\u017an.zm.) nak\u0142ada na zarz\u0105d obowi\u0105zek z\u0142o\u017cenia deklaracji o wysoko\u015bci op\u0142aty za gospodarowanie odpadami.<\/strong><\/p>\n","protected":false},"excerpt":{"rendered":"<p>Dotyczy m in. sp\u00f3\u0142dzielni i wsp\u00f3lnot mieszkaniowych Je\u017celi nieruchomo\u015b\u0107 jest zabudowana \u00a0budynkami wielolokalowymi, w kt\u00f3rych ustanowiono odr\u0119bna w\u0142asno\u015b\u0107 lokali, obowi\u0105zki w\u0142a\u015bciciela nieruchomo\u015bci obci\u0105\u017caj\u0105 osoby sprawuj\u0105ce zarz\u0105d nieruchomo\u015bci\u0105 wsp\u00f3ln\u0105, w rozumieniu przepis\u00f3w ustawy z dnia 24 czerwca 1994 r. o w\u0142asno\u015bci lokali (Dz. U. z 2000 r. Nr 80, poz. 903 oraz z 2004 r. Nr [&hellip;]<\/p>\n","protected":false},"author":2,"featured_media":0,"parent":0,"menu_order":0,"comment_status":"closed","ping_status":"open","template":"","meta":{"footnotes":""},"class_list":["post-160","page","type-page","status-publish","hentry"],"_links":{"self":[{"href":"https:\/\/czystagmina.urszulin.eu\/index.php?rest_route=\/wp\/v2\/pages\/160","targetHints":{"allow":["GET"]}}],"collection":[{"href":"https:\/\/czystagmina.urszulin.eu\/index.php?rest_route=\/wp\/v2\/pages"}],"about":[{"href":"https:\/\/czystagmina.urszulin.eu\/index.php?rest_route=\/wp\/v2\/types\/page"}],"author":[{"embeddable":true,"href":"https:\/\/czystagmina.urszulin.eu\/index.php?rest_route=\/wp\/v2\/users\/2"}],"replies":[{"embeddable":true,"href":"https:\/\/czystagmina.urszulin.eu\/index.php?rest_route=%2Fwp%2Fv2%2Fcomments&post=160"}],"version-history":[{"count":2,"href":"https:\/\/czystagmina.urszulin.eu\/index.php?rest_route=\/wp\/v2\/pages\/160\/revisions"}],"predecessor-version":[{"id":170,"href":"https:\/\/czystagmina.urszulin.eu\/index.php?rest_route=\/wp\/v2\/pages\/160\/revisions\/170"}],"wp:attachment":[{"href":"https:\/\/czystagmina.urszulin.eu\/index.php?rest_route=%2Fwp%2Fv2%2Fmedia&parent=160"}],"curies":[{"name":"wp","href":"https:\/\/api.w.org\/{rel}","templated":true}]}}