{"id":58,"date":"2013-04-13T13:06:29","date_gmt":"2013-04-13T11:06:29","guid":{"rendered":"http:\/\/czystagmina.urszulin.eu\/?page_id=58"},"modified":"2026-01-08T08:58:08","modified_gmt":"2026-01-08T07:58:08","slug":"dokumenty-do-pobrania","status":"publish","type":"page","link":"https:\/\/czystagmina.urszulin.eu\/?page_id=58","title":{"rendered":"Dokumenty do pobrania"},"content":{"rendered":"<ol>\n<li style=\"text-align: justify;\"><a href=\"http:\/\/czystagmina.urszulin.eu\/wp-content\/uploads\/2020\/01\/5.7432_Oplaty.pdf\">Uchwa\u0142 Nr XII\/74\/2019 Rady Gminy Urszulin z dnia 2 grudnia 2019 w sprawie okre\u015blenia terminu, cz\u0119stotliwo\u015bci i trybu uiszczania op\u0142aty za gospodarowanie odpadami komunalnymi<\/a><\/li>\n<li><a href=\"http:\/\/czystagmina.urszulin.eu\/wp-content\/uploads\/2022\/04\/Uchwala-w-sprawie-Regulaminu-czystosci-i-porzadku-w-Gminie-Urszulin.pdf\">UCHWA\u0141A NR XXXVIII\/241\/2022 RADY GMINY URSZULIN z dnia 25 marca 2022 r. w sprawie Regulaminu utrzymania czysto\u015bci i porz\u0105dku na terenie Gminy Urszulin<\/a><\/li>\n<li style=\"text-align: justify;\"><a href=\"http:\/\/czystagmina.urszulin.eu\/wp-content\/uploads\/2026\/01\/Uchwala-stawki-odpady-2026.pdf\">Uchwa\u0142a nr XX\/135\/2025 Rady Gminy Urszulin z dnia 30 pa\u017adziernika 2025 r. w sprawie wyboru metod ustalenia op\u0142aty i ustalenia stawek op\u0142aty za gospodarowanie odpadami komunalnymi<\/a><\/li>\n<li style=\"text-align: justify;\"><a href=\"http:\/\/czystagmina.urszulin.eu\/wp-content\/uploads\/2026\/01\/2026-Nowe-deklaracje-uchwala.pdf\">Uchwa\u0142a nr XX\/136\/2025 Rady Gminy Urszulin z dnia 30 pa\u017adziernika 2025 r. w sprawie okre\u015blenia wzoru deklaracji o wysoko\u015bci op\u0142aty za gospodarowanie odpadami komunalnymi sk\u0142adanej przez w\u0142a\u015bciciela nieruchomo\u015bci<\/a>\n<ul>\n<li><a href=\"http:\/\/czystagmina.urszulin.eu\/wp-content\/uploads\/2026\/01\/wzor-deklaracji-zamieszkalej-zal.-1-z-naglowkiem.pdf\">DEKLARACJA O WYSOKO\u015aCI OP\u0141ATY ZA GOSPODAROWANIE ODPADAMI KOMUNALNYMI dla nieruchomo\u015bci, na kt\u00f3rej zamieszkuj\u0105 mieszka\u0144cy<\/a><\/li>\n<li><a href=\"http:\/\/czystagmina.urszulin.eu\/wp-content\/uploads\/2026\/01\/wzor-deklaracji-niezamieszkalej-zal.-2-z-naglowkiem.pdf\">DEKLARACJA O WYSOKO\u015aCI OP\u0141ATY ZA GOSPODAROWANIE ODPADAMI KOMUNALNYMI dla nieruchomo\u015bci, na kt\u00f3rej nie zamieszkuj\u0105 mieszka\u0144cy a powstaj\u0105 odpady komunalne oraz dla nieruchomo\u015bci, kt\u00f3ra w cz\u0119\u015bci stanowi nieruchomo\u015b\u0107 zamieszkan\u0105 oraz w cz\u0119\u015bci nieruchomo\u015b\u0107, na kt\u00f3rej nie zamieszkuj\u0105 mieszka\u0144cy a powstaj\u0105 odpady komunalne<\/a><\/li>\n<li><a href=\"http:\/\/czystagmina.urszulin.eu\/wp-content\/uploads\/2026\/01\/wzor-deklaracji-domki-letniskowe-zal.-3-z-naglowkiem.pdf\">DEKLARACJA O WYSOKO\u015aCI OP\u0141ATY ZA GOSPODAROWANIE ODPADAMI KOMUNALNYMI dla nieruchomo\u015bci, na kt\u00f3rej znajduje si\u0119 domek letniskowy lub od innej nieruchomo\u015bci wykorzystywanej na cele rekreacyjno \u2013 wypoczynkowe<\/a><\/li>\n<\/ul>\n<\/li>\n<li style=\"text-align: justify;\"><a href=\"http:\/\/czystagmina.urszulin.eu\/wp-content\/uploads\/2025\/01\/UCHWALA-NR-VIII-49-2024-zwolnienie-kompostownik.pdf\">UCHWA\u0141A NR VIII\/49\/2024 RADY GMINY URSZULIN z dnia 28 pa\u017adziernika 2024 r. w sprawie zwolnie\u0144 z op\u0142aty za gospodarowanie odpadami komunalnymi w\u0142a\u015bcicieli kompostuj\u0105cych bioodpady stanowi\u0105ce odpady komunalne w kompostowniku przydomowym<\/a><\/li>\n<li><a href=\"http:\/\/czystagmina.urszulin.eu\/wp-content\/uploads\/2022\/04\/Uchwala-w-sprawie-szczegolowego-sposobu-i-zakresu-swiadczenia-uslug.pdf\">UCHWA\u0141A NR XXXVIII\/242\/2022 RADY GMINY URSZULIN z dnia 25 marca 2022 r. w sprawie okre\u015blenia szczeg\u00f3\u0142owego sposobu i zakresu \u015bwiadczenia us\u0142ug w zakresie odbierania odpad\u00f3w komunalnych od w\u0142ascicieli nieruchomo\u015bci i zagospodarowania tych odpad\u00f3w<\/a><\/li>\n<li><a href=\"http:\/\/czystagmina.urszulin.eu\/wp-content\/uploads\/2026\/01\/Uchwala-zmieniajaca-szczegolowy-sposob-odpady-2026.pdf\">Uchwa\u0142a nr XX\/138\/2025 Rady Gminy Urszulin z dnia 30 pa\u017adziernika 2025 r. zmieniaj\u0105ca uchwa\u0142\u0119 w sprawie okre\u015blenia szczeg\u00f3\u0142owego sposobu i zakresu \u015bwiadczenia us\u0142ug w zakresie odbierania odpad\u00f3w komunalnych od w\u0142a\u015bcicieli nieruchomo\u015bci i zagospodarowania tych odpad\u00f3w<\/a><\/li>\n<li style=\"text-align: justify;\"><a href=\"http:\/\/czystagmina.urszulin.eu\/wp-content\/uploads\/2026\/01\/2026-usluga-dodatkowa.pdf\">Uchwa\u0142a nr XXI\/148\/2025 Rady Gminy Urszulin z dnia 4 grudnia 2025 r. w sprawie okre\u015blenia rodzaj\u00f3w dodatkowych us\u0142ug \u015bwiadczonych przez gmin\u0119 w zakresie odbierania odpad\u00f3w komunalnych i zagospodarowania odpad\u00f3w oraz wysoko\u015bci cen za te us\u0142ugi<\/a>\n<ul>\n<li style=\"text-align: justify;\"><a href=\"http:\/\/czystagmina.urszulin.eu\/wp-content\/uploads\/2026\/01\/2026-deklaracja-usluga-dodatkowa.pdf\">DEKLARACJA O WYSOKO\u015aCI OP\u0141ATY ZA GOSPODAROWANIE ODPADAMI KOMUNALNYMI &#8211; US\u0141UGI DODATKOWE<\/a><\/li>\n<\/ul>\n<\/li>\n<\/ol>\n","protected":false},"excerpt":{"rendered":"<p>Uchwa\u0142 Nr XII\/74\/2019 Rady Gminy Urszulin z dnia 2 grudnia 2019 w sprawie okre\u015blenia terminu, cz\u0119stotliwo\u015bci i trybu uiszczania op\u0142aty za gospodarowanie odpadami komunalnymi UCHWA\u0141A NR XXXVIII\/241\/2022 RADY GMINY URSZULIN z dnia 25 marca 2022 r. w sprawie Regulaminu utrzymania czysto\u015bci i porz\u0105dku na terenie Gminy Urszulin Uchwa\u0142a nr XX\/135\/2025 Rady Gminy Urszulin z dnia [&hellip;]<\/p>\n","protected":false},"author":2,"featured_media":0,"parent":0,"menu_order":0,"comment_status":"closed","ping_status":"open","template":"","meta":{"footnotes":""},"class_list":["post-58","page","type-page","status-publish","hentry"],"_links":{"self":[{"href":"https:\/\/czystagmina.urszulin.eu\/index.php?rest_route=\/wp\/v2\/pages\/58","targetHints":{"allow":["GET"]}}],"collection":[{"href":"https:\/\/czystagmina.urszulin.eu\/index.php?rest_route=\/wp\/v2\/pages"}],"about":[{"href":"https:\/\/czystagmina.urszulin.eu\/index.php?rest_route=\/wp\/v2\/types\/page"}],"author":[{"embeddable":true,"href":"https:\/\/czystagmina.urszulin.eu\/index.php?rest_route=\/wp\/v2\/users\/2"}],"replies":[{"embeddable":true,"href":"https:\/\/czystagmina.urszulin.eu\/index.php?rest_route=%2Fwp%2Fv2%2Fcomments&post=58"}],"version-history":[{"count":22,"href":"https:\/\/czystagmina.urszulin.eu\/index.php?rest_route=\/wp\/v2\/pages\/58\/revisions"}],"predecessor-version":[{"id":680,"href":"https:\/\/czystagmina.urszulin.eu\/index.php?rest_route=\/wp\/v2\/pages\/58\/revisions\/680"}],"wp:attachment":[{"href":"https:\/\/czystagmina.urszulin.eu\/index.php?rest_route=%2Fwp%2Fv2%2Fmedia&parent=58"}],"curies":[{"name":"wp","href":"https:\/\/api.w.org\/{rel}","templated":true}]}}